{"id":643,"date":"2025-12-02T17:14:26","date_gmt":"2025-12-02T16:14:26","guid":{"rendered":"https:\/\/www.hoteldeva.it\/hotel-deva\/"},"modified":"2026-02-12T16:58:04","modified_gmt":"2026-02-12T15:58:04","slug":"hotel-deva","status":"publish","type":"page","link":"https:\/\/www.hoteldeva.it\/de\/","title":{"rendered":"Hotel Deva"},"content":{"rendered":"<section class=\"l-section wpb_row height_medium with_img\"><div class=\"l-section-img\" role=\"img\" aria-label=\"Hotel Riva del Garda\" data-img-width=\"1600\" data-img-height=\"1200\" style=\"background-image: url(https:\/\/www.hoteldeva.it\/wp-content\/uploads\/2026\/02\/WhatsApp-Image-2025-12-04-at-17.26.24.jpeg);background-repeat: no-repeat;\"><\/div><div class=\"l-section-h i-cf\"><div class=\"g-cols vc_row via_flex valign_middle type_default stacking_default\"><div class=\"vc_col-sm-12 wpb_column vc_column_container\"><div class=\"vc_column-inner us_custom_945c9877\"><div class=\"wpb_wrapper\"><div class=\"w-html us_custom_44ec354b has_text_color hide_on_mobiles\"><div class=\"reveal-text\">\n  <span style=\"--i:0\">P<\/span>\n  <span style=\"--i:1\">a<\/span>\n  <span style=\"--i:2\">n<\/span>\n  <span style=\"--i:3\">o<\/span>\n  <span style=\"--i:4\">r<\/span>\n  <span style=\"--i:5\">a<\/span>\n  <span style=\"--i:6\">m<\/span>\n  <span style=\"--i:7\">a<\/span>\n  <span style=\"--i:8\">.<\/span>\n  <span style=\"--i:9\">&nbsp;<\/span>\n\n  <span style=\"--i:10\">P<\/span>\n  <span style=\"--i:11\">e<\/span>\n  <span style=\"--i:12\">a<\/span>\n  <span style=\"--i:13\">c<\/span>\n  <span style=\"--i:14\">e<\/span>\n  <span style=\"--i:15\">.<\/span>\n  <span style=\"--i:16\">&nbsp;<\/span>\n\n  <span style=\"--i:17\">A<\/span>\n  <span style=\"--i:18\">u<\/span>\n  <span style=\"--i:19\">t<\/span>\n  <span style=\"--i:20\">h<\/span>\n  <span style=\"--i:21\">e<\/span>\n  <span style=\"--i:22\">n<\/span>\n  <span style=\"--i:23\">t<\/span>\n  <span style=\"--i:24\">i<\/span>\n  <span style=\"--i:25\">c<\/span>\n  <span style=\"--i:26\">i<\/span>\n  <span style=\"--i:27\">t<\/span>\n  <span style=\"--i:28\">y<\/span>\n  <span style=\"--i:29\">.<\/span>\n<\/div><\/div><div class=\"wpb_text_column us_custom_61d3f81f has_text_color hide_on_default hide_on_laptops hide_on_tablets\"><div class=\"wpb_wrapper\"><p>Panorama.<br \/>\nPeace.<br \/>\nAuthenticity.<\/p>\n<\/div><\/div><\/div><\/div><\/div><\/div><\/div><\/section><section class=\"l-section wpb_row us_custom_d77bca1a us_animate_this height_medium\"><div class=\"l-section-h i-cf\"><div class=\"g-cols vc_row via_flex valign_top type_default stacking_default\"><div class=\"vc_col-sm-12 wpb_column vc_column_container\"><div class=\"vc_column-inner\"><div class=\"wpb_wrapper\"><div class=\"w-vwrapper us_custom_c177a905 align_center valign_top\" style=\"--vwrapper-gap:1rem\"><h1 class=\"w-text\"><span class=\"w-text-h\"><span class=\"w-text-value\">3-Sterne-Hotel in Riva del Garda mit Panoramablick<\/span><\/span><\/h1><h2 class=\"w-text\"><span class=\"w-text-h\"><span class=\"w-text-value\">Ihr Hotel oberhalb von Riva del Garda, zwischen Natur, See und Entspannung.<\/span><\/span><\/h2><div class=\"w-separator size_small\"><\/div><div class=\"wpb_text_column\"><div class=\"wpb_wrapper\"><p>Das Hotel Deva empf\u00e4ngt Sie in einer einzigartigen Lage: etwas oberhalb von Riva del Garda, eingebettet in die Ruhe der H\u00fcgel und mit Blick auf eines der eindrucksvollsten Panoramen des oberen Gardasees.<\/p>\n<p>Wenn Sie ein 3-Sterne-Hotel in Riva del Garda suchen, das Ruhe, Natur und eine atemberaubende Aussicht vereint, sind Sie hier genau richtig. Hier wird jeder Aufenthalt zu einem authentischen Erlebnis, gepr\u00e4gt von aufrichtiger Aufmerksamkeit, gepflegtem Ambiente und einem langsamen Rhythmus, der es Ihnen erm\u00f6glicht, wirklich vom Alltag abzuschalten.<\/p>\n<\/div><\/div><\/div><div class=\"w-hwrapper us_custom_5e533938 us_animate_this valign_top stack_on_mobiles align_center\" style=\"--hwrapper-gap:1rem\"><div class=\"w-btn-wrapper default_align_none laptops_align_none tablets_align_none mobiles_align_justify\"><a class=\"w-btn us-btn-style_4\" href=\"https:\/\/www.hoteldeva.it\/de\/infos-und-dienstleistungen\/\"><span class=\"w-btn-label\">Dienstleistungen<\/span><\/a><\/div><div class=\"w-btn-wrapper default_align_none laptops_align_none tablets_align_none mobiles_align_justify\"><a class=\"w-btn us-btn-style_4\" href=\"https:\/\/www.hoteldeva.it\/de\/angebot-anfordern\/\"><span class=\"w-btn-label\">Angebot anfordern<\/span><\/a><\/div><div class=\"w-btn-wrapper default_align_none laptops_align_none tablets_align_none mobiles_align_justify\"><a class=\"w-btn us-btn-style_1\" target=\"_blank\" href=\"https:\/\/www.simplebooking.it\/ibe2\/hotel\/11229?lang=DE&amp;cur=EUR\"><span class=\"w-btn-label\">Jetzt buchen<\/span><\/a><\/div><\/div><\/div><\/div><\/div><\/div><\/div><\/section><section class=\"l-section wpb_row height_medium\"><div class=\"l-section-h i-cf\"><div class=\"g-cols vc_row via_flex valign_top type_default stacking_default\"><div class=\"vc_col-sm-12 wpb_column vc_column_container\"><div class=\"vc_column-inner\"><div class=\"wpb_wrapper\"><h4 class=\"w-text us_custom_eb849559\"><span class=\"w-text-h\"><span class=\"w-text-value\">3 gute Gr\u00fcnde, sich f\u00fcr das Hotel Deva zu entscheiden<\/span><\/span><\/h4><div class=\"w-separator size_medium\"><\/div><div class=\"w-content-carousel items_3 us_custom_6aa2cc3f us_animate_this\"><div class=\"owl-carousel valign_stretch dotstyle_dash navstyle_circle arrows-ver-pos_middle arrows-hor-pos_on_sides_outside arrows-disabled_hide owl-responsive-2000 with_dots\" style=\"--items-gap:20px;--transition-duration:850ms;\" onclick=\"return {&quot;aria_labels&quot;:{&quot;prev&quot;:&quot;Zur\\u00fcck&quot;,&quot;next&quot;:&quot;Weiter&quot;},&quot;autoplayContinual&quot;:false,&quot;autoplayHoverPause&quot;:false,&quot;autoplayTimeout&quot;:3000,&quot;autoWidth&quot;:false,&quot;smartSpeed&quot;:850,&quot;margin&quot;:20,&quot;mouseDrag&quot;:true,&quot;rtl&quot;:false,&quot;slideBy&quot;:&quot;1&quot;,&quot;touchDrag&quot;:true,&quot;slideTransition&quot;:&quot;&quot;,&quot;responsive&quot;:{&quot;0&quot;:{&quot;autoHeight&quot;:false,&quot;autoplay&quot;:false,&quot;autoWidth&quot;:false,&quot;center&quot;:false,&quot;dots&quot;:true,&quot;items&quot;:1,&quot;loop&quot;:true,&quot;nav&quot;:false,&quot;stagePadding&quot;:30,&quot;slideBy&quot;:&quot;1&quot;},&quot;601&quot;:{&quot;autoHeight&quot;:false,&quot;autoplay&quot;:false,&quot;autoWidth&quot;:false,&quot;center&quot;:false,&quot;dots&quot;:true,&quot;items&quot;:3,&quot;loop&quot;:true,&quot;nav&quot;:false,&quot;stagePadding&quot;:0}}}\"><div class=\"w-vwrapper align_none valign_top\"><div class=\"w-image us_custom_b570b43b has_ratio align_none\"><div class=\"w-image-h\"><div style=\"padding-bottom:133.3333%\"><\/div><img decoding=\"async\" width=\"1024\" height=\"1024\" src=\"https:\/\/www.hoteldeva.it\/wp-content\/uploads\/2026\/02\/photo3jpg-1024x1024.jpg\" class=\"attachment-large size-large\" alt=\"Hotel Deva | Hotel 3 stelle Riva del Garda\" loading=\"lazy\" \/><\/div><\/div><div class=\"w-text us_custom_bea92589 has_text_color\"><span class=\"w-text-h\"><span class=\"w-text-value\">Panorama-Ansicht<\/span><\/span><\/div><\/div><div class=\"w-vwrapper align_none valign_top\"><div class=\"w-image us_custom_b570b43b has_ratio align_none\"><div class=\"w-image-h\"><div style=\"padding-bottom:133.3333%\"><\/div><img decoding=\"async\" width=\"1000\" height=\"749\" src=\"https:\/\/www.hoteldeva.it\/wp-content\/uploads\/2026\/02\/215793159.jpg\" class=\"attachment-large size-large\" alt=\"Hotel Deva | Hotel 3 stelle Riva del Garda\" loading=\"lazy\" \/><\/div><\/div><div class=\"w-text us_custom_bea92589 has_text_color\"><span class=\"w-text-h\"><span class=\"w-text-value\">Garten mit Swimmingpool<\/span><\/span><\/div><\/div><div class=\"w-vwrapper align_none valign_top\"><div class=\"w-image us_custom_b570b43b has_ratio align_none\"><div class=\"w-image-h\"><div style=\"padding-bottom:133.3333%\"><\/div><img decoding=\"async\" width=\"768\" height=\"1024\" src=\"https:\/\/www.hoteldeva.it\/wp-content\/uploads\/2026\/02\/IMG_3763-768x1024.jpg\" class=\"attachment-large size-large\" alt=\"Hotel Deva | Hotel 3 stelle Riva del Garda\" loading=\"lazy\" \/><\/div><\/div><div class=\"w-text us_custom_bea92589 has_text_color\"><span class=\"w-text-h\"><span class=\"w-text-value\">Motorradparkplatz<\/span><\/span><\/div><\/div><\/div><\/div><\/div><\/div><\/div><\/div><\/div><\/section><section class=\"l-section wpb_row us_custom_2862ab40 height_medium\"><div class=\"l-section-h i-cf\"><div class=\"g-cols vc_row via_flex valign_middle type_default reversed stacking_default\"><div class=\"vc_col-sm-4 wpb_column vc_column_container\"><div class=\"vc_column-inner\"><div class=\"wpb_wrapper\"><div class=\"w-vwrapper us_custom_dd87ff3d has_text_color align_none valign_top\"><h6 class=\"w-text\"><span class=\"w-text-h\"><span class=\"w-text-value\">Zimmer mit Aussicht<\/span><\/span><\/h6><h3 class=\"w-text\"><span class=\"w-text-h\"><span class=\"w-text-value\">Buchen Sie zum besten Preis online.<\/span><\/span><\/h3><div class=\"wpb_text_column us_custom_08dbec1d\"><div class=\"wpb_wrapper\"><p>Unsere Anlage verbindet Komfort und Einfachheit und bietet gem\u00fctliche Zimmer, alle mit Blick auf den See oder den Garten. Ein Teil der Zimmer verf\u00fcgt \u00fcber eine Terrasse mit direktem Zugang zum Pool, w\u00e4hrend andere einen privaten Balkon haben, von dem aus Sie zu jeder Tageszeit die Farben des Gardasees beobachten k\u00f6nnen.<\/p>\n<\/div><\/div><div class=\"w-hwrapper valign_top stack_on_mobiles align_none\" style=\"--hwrapper-gap:1rem\"><div class=\"w-btn-wrapper default_align_none laptops_align_none tablets_align_none mobiles_align_justify\"><a class=\"w-btn us-btn-style_5\" href=\"https:\/\/www.hoteldeva.it\/de\/zimmer\/\"><span class=\"w-btn-label\">Zimmer<\/span><\/a><\/div><div class=\"w-btn-wrapper default_align_none laptops_align_none tablets_align_none mobiles_align_justify\"><a class=\"w-btn us-btn-style_1\" target=\"_blank\" href=\"https:\/\/www.simplebooking.it\/ibe2\/hotel\/11229?lang=DE&amp;cur=EUR\"><span class=\"w-btn-label\">Jetzt buchen<\/span><\/a><\/div><\/div><\/div><\/div><\/div><\/div><div data-us-scroll=\"{&quot;from_initial_position&quot;:&quot;0&quot;,&quot;start_position&quot;:&quot;10%&quot;,&quot;end_position&quot;:&quot;50%&quot;,&quot;delay&quot;:&quot;0s&quot;,&quot;translate_x_direction&quot;:&quot;left&quot;,&quot;translate_x_speed&quot;:&quot;0.3x&quot;}\" class=\"vc_col-sm-8 wpb_column vc_column_container has_scroll_effects has_translate_x has_bg_color stretched\"><div class=\"vc_column-inner us_custom_d72bd8b0\"><div class=\"wpb_wrapper\"><div class=\"w-text us_custom_b8a84b05 has_text_color\"><span class=\"w-text-h\"><span class=\"w-text-value\">Auf unserer Website finden Sie immer den besten Preis!<\/span><\/span><\/div><\/div><\/div><\/div><\/div><\/div><\/section><section class=\"l-section wpb_row us_custom_10679678 height_small\"><div class=\"l-section-h i-cf\"><div class=\"g-cols vc_row via_flex valign_middle type_default stacking_default\"><div class=\"vc_col-sm-8 wpb_column vc_column_container\"><div class=\"vc_column-inner\"><div class=\"wpb_wrapper\"><div data-us-scroll=\"{&quot;from_initial_position&quot;:&quot;0&quot;,&quot;start_position&quot;:&quot;25%&quot;,&quot;end_position&quot;:&quot;50%&quot;,&quot;delay&quot;:&quot;0s&quot;,&quot;translate_x_direction&quot;:&quot;right&quot;,&quot;translate_x_speed&quot;:&quot;0.3x&quot;}\" class=\"w-image us_custom_b570b43b has_scroll_effects has_translate_x has_ratio align_none\"><div class=\"w-image-h\"><div style=\"padding-bottom:75%\"><\/div><img decoding=\"async\" width=\"1000\" height=\"749\" src=\"https:\/\/www.hoteldeva.it\/wp-content\/uploads\/2026\/02\/215793159.jpg\" class=\"attachment-us_1920_1280_crop size-us_1920_1280_crop\" alt=\"Hotel Deva | Hotel 3 stelle Riva del Garda\" loading=\"lazy\" \/><\/div><\/div><\/div><\/div><\/div><div class=\"vc_col-sm-4 wpb_column vc_column_container\"><div class=\"vc_column-inner\"><div class=\"wpb_wrapper\"><div class=\"w-vwrapper us_custom_62e46706 align_none valign_top\"><h6 class=\"w-text\"><span class=\"w-text-h\"><span class=\"w-text-value\">relax<\/span><\/span><\/h6><h3 class=\"w-text\"><span class=\"w-text-h\"><span class=\"w-text-value\">Garten mit Panorama-Pool<\/span><\/span><\/h3><div class=\"wpb_text_column\"><div class=\"wpb_wrapper\"><p>Unser Au\u00dfenpool ist einer der beliebtesten Orte unserer G\u00e4ste: eine Sonnenterrasse mit Liegest\u00fchlen, ein mediterraner Garten und ein Panoramablick auf den Gardasee laden zum Verweilen und Durchatmen ein.<\/p>\n<\/div><\/div><div class=\"w-btn-wrapper align_none\"><a class=\"w-btn us-btn-style_4\" href=\"https:\/\/www.hoteldeva.it\/de\/infos-und-dienstleistungen\/\"><span class=\"w-btn-label\">Alle Dienstleistungen<\/span><\/a><\/div><\/div><\/div><\/div><\/div><\/div><\/div><\/section><section class=\"l-section wpb_row height_small\"><div class=\"l-section-h i-cf\"><div class=\"g-cols vc_row via_flex valign_middle type_default reversed stacking_default\"><div class=\"vc_col-sm-4 wpb_column vc_column_container\"><div class=\"vc_column-inner\"><div class=\"wpb_wrapper\"><div class=\"w-vwrapper us_custom_62e46706 align_none valign_top\"><h6 class=\"w-text\"><span class=\"w-text-h\"><span class=\"w-text-value\">Restaurant &amp; Pizzeria<\/span><\/span><\/h6><h3 class=\"w-text\"><span class=\"w-text-h\"><span class=\"w-text-value\">Authentische Aromen, unverf\u00e4lschte Zutaten<\/span><\/span><\/h3><div class=\"wpb_text_column\"><div class=\"wpb_wrapper\"><p>Abgerundet wird Ihr Aufenthalt durch das Hotelrestaurant, in dem wir traditionelle italienische Gerichte mit einer kreativen Note anbieten, die aus nat\u00fcrlichen Zutaten zubereitet werden.<\/p>\n<\/div><\/div><div class=\"w-btn-wrapper align_none\"><a class=\"w-btn us-btn-style_4\" href=\"https:\/\/www.hoteldeva.it\/de\/restaurant\/\"><span class=\"w-btn-label\">Restaurant<\/span><\/a><\/div><\/div><\/div><\/div><\/div><div class=\"vc_col-sm-8 wpb_column vc_column_container\"><div class=\"vc_column-inner\"><div class=\"wpb_wrapper\"><div data-us-scroll=\"{&quot;from_initial_position&quot;:&quot;0&quot;,&quot;start_position&quot;:&quot;25%&quot;,&quot;end_position&quot;:&quot;50%&quot;,&quot;delay&quot;:&quot;0s&quot;,&quot;translate_x_direction&quot;:&quot;left&quot;,&quot;translate_x_speed&quot;:&quot;0.3x&quot;}\" class=\"w-image us_custom_b570b43b has_scroll_effects has_translate_x has_ratio align_none\"><div class=\"w-image-h\"><div style=\"padding-bottom:75%\"><\/div><img decoding=\"async\" width=\"1920\" height=\"1280\" src=\"https:\/\/www.hoteldeva.it\/wp-content\/uploads\/2026\/02\/17466-1920x1280.jpg\" class=\"attachment-us_1920_1280_crop size-us_1920_1280_crop\" alt=\"Hotel Deva | Hotel 3 stelle Riva del Garda\" loading=\"lazy\" \/><\/div><\/div><\/div><\/div><\/div><\/div><\/div><\/section><section class=\"l-section wpb_row height_medium\"><div class=\"l-section-h i-cf\"><div class=\"g-cols vc_row via_flex valign_middle type_default\"><div class=\"vc_col-sm-7 wpb_column vc_column_container\"><div class=\"vc_column-inner\"><div class=\"wpb_wrapper\"><div class=\"w-image us_custom_24e073b7 us_animate_this align_none\"><div class=\"w-image-h\"><img decoding=\"async\" width=\"1280\" height=\"853\" src=\"https:\/\/www.hoteldeva.it\/wp-content\/uploads\/2026\/02\/Mappa.svg\" class=\"attachment-us_1280_853_crop size-us_1280_853_crop\" alt=\"Hotel Deva | Hotel 3 stelle Riva del Garda\" loading=\"lazy\" \/><\/div><\/div><\/div><\/div><\/div><div class=\"vc_col-sm-5 wpb_column vc_column_container\"><div class=\"vc_column-inner\"><div class=\"wpb_wrapper\"><div data-us-scroll=\"{&quot;from_initial_position&quot;:&quot;0&quot;,&quot;start_position&quot;:&quot;20%&quot;,&quot;end_position&quot;:&quot;50%&quot;,&quot;delay&quot;:&quot;0s&quot;,&quot;translate_y_direction&quot;:&quot;down&quot;,&quot;translate_y_speed&quot;:&quot;0.3x&quot;}\" class=\"w-vwrapper us_custom_fb1528c0 has_scroll_effects has_translate_y align_none valign_top\"><h6 class=\"w-text\"><span class=\"w-text-h\"><span class=\"w-text-value\">Wo wir sind<\/span><\/span><\/h6><h3 class=\"w-text\"><span class=\"w-text-h\"><span class=\"w-text-value\">Sehensw\u00fcrdigkeiten in der N\u00e4he<\/span><\/span><\/h3><div class=\"wpb_text_column\"><div class=\"wpb_wrapper\"><ul>\n<li>Varone-Wasserfall in 4 km Entfernung<\/li>\n<li>Tennsee in 4 km Entfernung<\/li>\n<li>Strand Sabbioni in 5 km Entfernung<\/li>\n<li>Ponale-Wanderweg in 5 km Entfernung<\/li>\n<li>Festung Bastione in 4 km Entfernung<\/li>\n<li>Festung Rocca di Riva und MAG in 5 km Entfernung<\/li>\n<\/ul>\n<\/div><\/div><div class=\"w-btn-wrapper align_none\"><a class=\"w-btn us-btn-style_4\" href=\"https:\/\/www.hoteldeva.it\/de\/gebiet\/\"><span class=\"w-btn-label\">Im Einzelnen<\/span><\/a><\/div><\/div><\/div><\/div><\/div><\/div><\/div><\/section>\n","protected":false},"excerpt":{"rendered":"P a n o r a m a . &nbsp; P e a c e . &nbsp; A u t h e n t i c i t y . Panorama. Peace. Authenticity. 3-Sterne-Hotel in Riva del Garda mit PanoramablickIhr Hotel oberhalb von Riva del Garda, zwischen Natur, See und Entspannung.Das Hotel Deva empf\u00e4ngt Sie...","protected":false},"author":1,"featured_media":528,"parent":0,"menu_order":0,"comment_status":"closed","ping_status":"closed","template":"","meta":{"footnotes":""},"class_list":["post-643","page","type-page","status-publish","has-post-thumbnail","hentry"],"yoast_head":"<!-- This site is optimized with the Yoast SEO plugin v26.9 - https:\/\/yoast.com\/product\/yoast-seo-wordpress\/ -->\n<title>Hotel in Riva del Garda mit Panoramablick und Pool | Hotel Deva<\/title>\n<meta name=\"description\" content=\"Das Albergo Deva ist ein 3-Sterne-Hotel in Riva del Garda mit Swimmingpool, Panoramablick und Restaurant. Entspannung, Natur und Gastfreundschaft oberhalb von Riva del Garda.\" \/>\n<meta name=\"robots\" content=\"index, follow, max-snippet:-1, max-image-preview:large, max-video-preview:-1\" \/>\n<link rel=\"canonical\" href=\"https:\/\/www.hoteldeva.it\/de\/\" \/>\n<meta property=\"og:locale\" content=\"de_DE\" \/>\n<meta property=\"og:type\" content=\"article\" \/>\n<meta property=\"og:title\" content=\"Hotel in Riva del Garda mit Panoramablick und Pool | Hotel Deva\" \/>\n<meta property=\"og:description\" content=\"Das Albergo Deva ist ein 3-Sterne-Hotel in Riva del Garda mit Swimmingpool, Panoramablick und Restaurant. Entspannung, Natur und Gastfreundschaft oberhalb von Riva del Garda.\" \/>\n<meta property=\"og:url\" content=\"https:\/\/www.hoteldeva.it\/de\/\" \/>\n<meta property=\"og:site_name\" content=\"Hotel Deva\" \/>\n<meta property=\"article:modified_time\" content=\"2026-02-12T15:58:04+00:00\" \/>\n<meta property=\"og:image\" content=\"https:\/\/www.hoteldeva.it\/wp-content\/uploads\/2026\/02\/WhatsApp-Image-2025-12-04-at-17.26.24.jpeg\" \/>\n\t<meta property=\"og:image:width\" content=\"1600\" \/>\n\t<meta property=\"og:image:height\" content=\"1200\" \/>\n\t<meta property=\"og:image:type\" content=\"image\/jpeg\" \/>\n<meta name=\"twitter:card\" content=\"summary_large_image\" \/>\n<meta name=\"twitter:label1\" content=\"Gesch\u00e4tzte Lesezeit\" \/>\n\t<meta name=\"twitter:data1\" content=\"3\u00a0Minuten\" \/>\n<script type=\"application\/ld+json\" class=\"yoast-schema-graph\">{\"@context\":\"https:\/\/schema.org\",\"@graph\":[{\"@type\":\"WebPage\",\"@id\":\"https:\/\/www.hoteldeva.it\/de\/\",\"url\":\"https:\/\/www.hoteldeva.it\/de\/\",\"name\":\"Hotel in Riva del Garda mit Panoramablick und Pool | Hotel Deva\",\"isPartOf\":{\"@id\":\"https:\/\/www.hoteldeva.it\/#website\"},\"primaryImageOfPage\":{\"@id\":\"https:\/\/www.hoteldeva.it\/de\/#primaryimage\"},\"image\":{\"@id\":\"https:\/\/www.hoteldeva.it\/de\/#primaryimage\"},\"thumbnailUrl\":\"https:\/\/www.hoteldeva.it\/wp-content\/uploads\/2026\/02\/WhatsApp-Image-2025-12-04-at-17.26.24.jpeg\",\"datePublished\":\"2025-12-02T16:14:26+00:00\",\"dateModified\":\"2026-02-12T15:58:04+00:00\",\"description\":\"Das Albergo Deva ist ein 3-Sterne-Hotel in Riva del Garda mit Swimmingpool, Panoramablick und Restaurant. Entspannung, Natur und Gastfreundschaft oberhalb von Riva del Garda.\",\"breadcrumb\":{\"@id\":\"https:\/\/www.hoteldeva.it\/de\/#breadcrumb\"},\"inLanguage\":\"de\",\"potentialAction\":[{\"@type\":\"ReadAction\",\"target\":[\"https:\/\/www.hoteldeva.it\/de\/\"]}]},{\"@type\":\"ImageObject\",\"inLanguage\":\"de\",\"@id\":\"https:\/\/www.hoteldeva.it\/de\/#primaryimage\",\"url\":\"https:\/\/www.hoteldeva.it\/wp-content\/uploads\/2026\/02\/WhatsApp-Image-2025-12-04-at-17.26.24.jpeg\",\"contentUrl\":\"https:\/\/www.hoteldeva.it\/wp-content\/uploads\/2026\/02\/WhatsApp-Image-2025-12-04-at-17.26.24.jpeg\",\"width\":1600,\"height\":1200,\"caption\":\"Hotel Riva del Garda\"},{\"@type\":\"BreadcrumbList\",\"@id\":\"https:\/\/www.hoteldeva.it\/de\/#breadcrumb\",\"itemListElement\":[{\"@type\":\"ListItem\",\"position\":1,\"name\":\"Home\",\"item\":\"https:\/\/www.hoteldeva.it\/de\/\"},{\"@type\":\"ListItem\",\"position\":2,\"name\":\"Hotel Deva\"}]},{\"@type\":\"WebSite\",\"@id\":\"https:\/\/www.hoteldeva.it\/#website\",\"url\":\"https:\/\/www.hoteldeva.it\/\",\"name\":\"Hotel Deva Riva del Garda\",\"description\":\"Hotel Deva Riva del Garda\",\"publisher\":{\"@id\":\"https:\/\/www.hoteldeva.it\/#organization\"},\"alternateName\":\"Hotel Deva Riva del Garda\",\"potentialAction\":[{\"@type\":\"SearchAction\",\"target\":{\"@type\":\"EntryPoint\",\"urlTemplate\":\"https:\/\/www.hoteldeva.it\/?s={search_term_string}\"},\"query-input\":{\"@type\":\"PropertyValueSpecification\",\"valueRequired\":true,\"valueName\":\"search_term_string\"}}],\"inLanguage\":\"de\"},{\"@type\":\"Organization\",\"@id\":\"https:\/\/www.hoteldeva.it\/#organization\",\"name\":\"Hotel Deva Riva del Garda\",\"alternateName\":\"Hotel Deva Riva del Garda\",\"url\":\"https:\/\/www.hoteldeva.it\/\",\"logo\":{\"@type\":\"ImageObject\",\"inLanguage\":\"de\",\"@id\":\"https:\/\/www.hoteldeva.it\/#\/schema\/logo\/image\/\",\"url\":\"https:\/\/www.hoteldeva.it\/wp-content\/uploads\/2026\/02\/logoheader.svg\",\"contentUrl\":\"https:\/\/www.hoteldeva.it\/wp-content\/uploads\/2026\/02\/logoheader.svg\",\"width\":\"1024\",\"height\":\"1024\",\"caption\":\"Hotel Deva Riva del Garda\"},\"image\":{\"@id\":\"https:\/\/www.hoteldeva.it\/#\/schema\/logo\/image\/\"}}]}<\/script>\n<!-- \/ Yoast SEO plugin. -->","yoast_head_json":{"title":"Hotel in Riva del Garda mit Panoramablick und Pool | Hotel Deva","description":"Das Albergo Deva ist ein 3-Sterne-Hotel in Riva del Garda mit Swimmingpool, Panoramablick und Restaurant. Entspannung, Natur und Gastfreundschaft oberhalb von Riva del Garda.","robots":{"index":"index","follow":"follow","max-snippet":"max-snippet:-1","max-image-preview":"max-image-preview:large","max-video-preview":"max-video-preview:-1"},"canonical":"https:\/\/www.hoteldeva.it\/de\/","og_locale":"de_DE","og_type":"article","og_title":"Hotel in Riva del Garda mit Panoramablick und Pool | Hotel Deva","og_description":"Das Albergo Deva ist ein 3-Sterne-Hotel in Riva del Garda mit Swimmingpool, Panoramablick und Restaurant. Entspannung, Natur und Gastfreundschaft oberhalb von Riva del Garda.","og_url":"https:\/\/www.hoteldeva.it\/de\/","og_site_name":"Hotel Deva","article_modified_time":"2026-02-12T15:58:04+00:00","og_image":[{"width":1600,"height":1200,"url":"https:\/\/www.hoteldeva.it\/wp-content\/uploads\/2026\/02\/WhatsApp-Image-2025-12-04-at-17.26.24.jpeg","type":"image\/jpeg"}],"twitter_card":"summary_large_image","twitter_misc":{"Gesch\u00e4tzte Lesezeit":"3\u00a0Minuten"},"schema":{"@context":"https:\/\/schema.org","@graph":[{"@type":"WebPage","@id":"https:\/\/www.hoteldeva.it\/de\/","url":"https:\/\/www.hoteldeva.it\/de\/","name":"Hotel in Riva del Garda mit Panoramablick und Pool | Hotel Deva","isPartOf":{"@id":"https:\/\/www.hoteldeva.it\/#website"},"primaryImageOfPage":{"@id":"https:\/\/www.hoteldeva.it\/de\/#primaryimage"},"image":{"@id":"https:\/\/www.hoteldeva.it\/de\/#primaryimage"},"thumbnailUrl":"https:\/\/www.hoteldeva.it\/wp-content\/uploads\/2026\/02\/WhatsApp-Image-2025-12-04-at-17.26.24.jpeg","datePublished":"2025-12-02T16:14:26+00:00","dateModified":"2026-02-12T15:58:04+00:00","description":"Das Albergo Deva ist ein 3-Sterne-Hotel in Riva del Garda mit Swimmingpool, Panoramablick und Restaurant. Entspannung, Natur und Gastfreundschaft oberhalb von Riva del Garda.","breadcrumb":{"@id":"https:\/\/www.hoteldeva.it\/de\/#breadcrumb"},"inLanguage":"de","potentialAction":[{"@type":"ReadAction","target":["https:\/\/www.hoteldeva.it\/de\/"]}]},{"@type":"ImageObject","inLanguage":"de","@id":"https:\/\/www.hoteldeva.it\/de\/#primaryimage","url":"https:\/\/www.hoteldeva.it\/wp-content\/uploads\/2026\/02\/WhatsApp-Image-2025-12-04-at-17.26.24.jpeg","contentUrl":"https:\/\/www.hoteldeva.it\/wp-content\/uploads\/2026\/02\/WhatsApp-Image-2025-12-04-at-17.26.24.jpeg","width":1600,"height":1200,"caption":"Hotel Riva del Garda"},{"@type":"BreadcrumbList","@id":"https:\/\/www.hoteldeva.it\/de\/#breadcrumb","itemListElement":[{"@type":"ListItem","position":1,"name":"Home","item":"https:\/\/www.hoteldeva.it\/de\/"},{"@type":"ListItem","position":2,"name":"Hotel Deva"}]},{"@type":"WebSite","@id":"https:\/\/www.hoteldeva.it\/#website","url":"https:\/\/www.hoteldeva.it\/","name":"Hotel Deva Riva del Garda","description":"Hotel Deva Riva del Garda","publisher":{"@id":"https:\/\/www.hoteldeva.it\/#organization"},"alternateName":"Hotel Deva Riva del Garda","potentialAction":[{"@type":"SearchAction","target":{"@type":"EntryPoint","urlTemplate":"https:\/\/www.hoteldeva.it\/?s={search_term_string}"},"query-input":{"@type":"PropertyValueSpecification","valueRequired":true,"valueName":"search_term_string"}}],"inLanguage":"de"},{"@type":"Organization","@id":"https:\/\/www.hoteldeva.it\/#organization","name":"Hotel Deva Riva del Garda","alternateName":"Hotel Deva Riva del Garda","url":"https:\/\/www.hoteldeva.it\/","logo":{"@type":"ImageObject","inLanguage":"de","@id":"https:\/\/www.hoteldeva.it\/#\/schema\/logo\/image\/","url":"https:\/\/www.hoteldeva.it\/wp-content\/uploads\/2026\/02\/logoheader.svg","contentUrl":"https:\/\/www.hoteldeva.it\/wp-content\/uploads\/2026\/02\/logoheader.svg","width":"1024","height":"1024","caption":"Hotel Deva Riva del Garda"},"image":{"@id":"https:\/\/www.hoteldeva.it\/#\/schema\/logo\/image\/"}}]}},"_links":{"self":[{"href":"https:\/\/www.hoteldeva.it\/de\/wp-json\/wp\/v2\/pages\/643","targetHints":{"allow":["GET"]}}],"collection":[{"href":"https:\/\/www.hoteldeva.it\/de\/wp-json\/wp\/v2\/pages"}],"about":[{"href":"https:\/\/www.hoteldeva.it\/de\/wp-json\/wp\/v2\/types\/page"}],"author":[{"embeddable":true,"href":"https:\/\/www.hoteldeva.it\/de\/wp-json\/wp\/v2\/users\/1"}],"replies":[{"embeddable":true,"href":"https:\/\/www.hoteldeva.it\/de\/wp-json\/wp\/v2\/comments?post=643"}],"version-history":[{"count":3,"href":"https:\/\/www.hoteldeva.it\/de\/wp-json\/wp\/v2\/pages\/643\/revisions"}],"predecessor-version":[{"id":646,"href":"https:\/\/www.hoteldeva.it\/de\/wp-json\/wp\/v2\/pages\/643\/revisions\/646"}],"wp:featuredmedia":[{"embeddable":true,"href":"https:\/\/www.hoteldeva.it\/de\/wp-json\/wp\/v2\/media\/528"}],"wp:attachment":[{"href":"https:\/\/www.hoteldeva.it\/de\/wp-json\/wp\/v2\/media?parent=643"}],"curies":[{"name":"wp","href":"https:\/\/api.w.org\/{rel}","templated":true}]}}