{"id":617,"date":"2026-02-02T16:16:27","date_gmt":"2026-02-02T15:16:27","guid":{"rendered":"https:\/\/www.hoteldeva.it\/info-e-servizi\/"},"modified":"2026-02-12T16:14:41","modified_gmt":"2026-02-12T15:14:41","slug":"infos-und-dienstleistungen","status":"publish","type":"page","link":"https:\/\/www.hoteldeva.it\/de\/infos-und-dienstleistungen\/","title":{"rendered":"Infos und Dienstleistungen"},"content":{"rendered":"<section class=\"l-section wpb_row height_medium with_img\"><div class=\"l-section-img\" role=\"img\" aria-label=\"Hotel Deva | Hotel 3 stelle Riva del Garda\" data-img-width=\"2560\" data-img-height=\"1220\" style=\"background-image: url(https:\/\/www.hoteldeva.it\/wp-content\/uploads\/2026\/02\/IMG_3762-scaled.jpg);background-repeat: no-repeat;\"><\/div><div class=\"l-section-overlay\" style=\"background:rgba(0,0,0,0.33)\"><\/div><div class=\"l-section-h i-cf\"><div class=\"g-cols vc_row via_flex valign_middle type_default stacking_default\"><div class=\"vc_col-sm-12 wpb_column vc_column_container\"><div class=\"vc_column-inner us_custom_a96ac8d2\"><div class=\"wpb_wrapper\"><div class=\"w-text us_custom_238e33df has_text_color\"><span class=\"w-text-h\"><span class=\"w-text-value\">Welcome Bikers<\/span><\/span><\/div><\/div><\/div><\/div><\/div><\/div><\/section><section class=\"l-section wpb_row us_custom_d77bca1a us_animate_this height_medium\"><div class=\"l-section-h i-cf\"><div class=\"g-cols vc_row via_flex valign_top type_default stacking_default\"><div class=\"vc_col-sm-12 wpb_column vc_column_container\"><div class=\"vc_column-inner\"><div class=\"wpb_wrapper\"><div class=\"w-vwrapper us_custom_c177a905 align_center valign_top\" style=\"--vwrapper-gap:1rem\"><h1 class=\"w-text\"><span class=\"w-text-h\"><span class=\"w-text-value\">Informationen und Dienstleistungen Hotel Deva Riva del Garda<\/span><\/span><\/h1><h2 class=\"w-text\"><span class=\"w-text-h\"><span class=\"w-text-value\">Alles, was Ihren Aufenthalt am Gardasee zu etwas Besonderem macht<\/span><\/span><\/h2><div class=\"w-separator size_small\"><\/div><div class=\"wpb_text_column\"><div class=\"wpb_wrapper\"><p>Als 3-Sterne-Hotel in Riva del Garda sind wir bestrebt, Ihnen alles zu bieten, was Sie f\u00fcr einen rundum gelungenen Aufenthalt ben\u00f6tigen: gepflegte R\u00e4umlichkeiten, komfortable Zimmer, Entspannungsbereiche und stets hilfsbereites Personal.<\/p>\n<p>Sind Sie Motorradfahrer? Dank unseres privaten und bequemen Parkplatzes k\u00f6nnen Sie Ihr Motorrad in aller Sicherheit abstellen und jeden Tag zu einzigartigen Ausfl\u00fcgen aufbrechen, zum Beispiel zum Ponale, zum Passo Ballino, zum Tennosee und zu den aufregenden Kurven, die den Alto Garda mit den Dolomiten verbinden. Nach einem Tag auf dem Motorrad erwarten Sie die Ruhe der H\u00fcgel, der atemberaubende Blick auf den See und die entspannende Atmosph\u00e4re unseres Gartens mit Swimmingpool.<\/p>\n<\/div><\/div><\/div><\/div><\/div><\/div><\/div><\/div><\/section><section class=\"l-section wpb_row height_large color_alternate\"><div class=\"l-section-h i-cf\"><div class=\"g-cols vc_row via_flex valign_top type_default\"><div class=\"vc_col-sm-6 wpb_column vc_column_container\"><div class=\"vc_column-inner\"><div class=\"wpb_wrapper\"><h3 class=\"w-text\"><span class=\"w-text-h\"><span class=\"w-text-value\">Im Aufenthalt enthaltene Leistungen<\/span><\/span><\/h3><div class=\"wpb_text_column\"><div class=\"wpb_wrapper\"><ul>\n<li><strong>Kostenloser Parkplatz auf dem Gel\u00e4nde<\/strong><\/li>\n<li>Nutzung des Au\u00dfenpools<\/li>\n<li>WLAN in den Gemeinschaftsbereichen<\/li>\n<li>Fr\u00fchst\u00fccksbuffet<\/li>\n<li>Fahrradabstellraum<\/li>\n<\/ul>\n<\/div><\/div><\/div><\/div><\/div><div class=\"vc_col-sm-6 wpb_column vc_column_container\"><div class=\"vc_column-inner us_custom_caf34357\"><div class=\"wpb_wrapper\"><h3 class=\"w-text\"><span class=\"w-text-h\"><span class=\"w-text-value\">Infos und \u00d6ffnungszeiten<\/span><\/span><\/h3><div class=\"wpb_text_column\"><div class=\"wpb_wrapper\"><p><strong>Haustiere gegen Aufpreis erlaubt<\/strong><br \/>\nAkzeptierte Kreditkarten: Visa, Mastercard, Bancomat<\/p>\n<p><strong>Check-in:<\/strong> von 15:00 bis 20:00 Uhr<br \/>\n<strong>Check-out:<\/strong> bis 10:00 Uhr<br \/>\n<strong>Fr\u00fchst\u00fcck:<\/strong> von 07:30 bis 10:00 Uhr<br \/>\n<strong>Swimmingpool:<\/strong> von 07:00 bis 21:00 Uhr<br \/>\n<strong>Bar:<\/strong> von 7:30 bis 23:00 Uhr<\/p>\n<\/div><\/div><\/div><\/div><\/div><\/div><\/div><\/section><section class=\"l-section wpb_row height_small\"><div class=\"l-section-h i-cf\"><div class=\"g-cols vc_row via_flex valign_middle type_default reversed stacking_default\"><div class=\"vc_col-sm-4 wpb_column vc_column_container\"><div class=\"vc_column-inner\"><div class=\"wpb_wrapper\"><div class=\"w-vwrapper us_custom_62e46706 align_none valign_top\"><h6 class=\"w-text\"><span class=\"w-text-h\"><span class=\"w-text-value\">Authentische Aromen<\/span><\/span><\/h6><h3 class=\"w-text\"><span class=\"w-text-h\"><span class=\"w-text-value\">Reichhaltiges Fr\u00fchst\u00fcck f\u00fcr einen guten Start in den Tag<\/span><\/span><\/h3><div class=\"wpb_text_column\"><div class=\"wpb_wrapper\"><p>Das Fr\u00fchst\u00fcck ist einer der beliebtesten Momente des Tages: ein reichhaltiges s\u00fc\u00dfes und herzhaftes Buffet mit frischen Produkten, hausgemachten Kuchen, Aufschnitt, K\u00e4se, Joghurt, M\u00fcsli, Obst und hei\u00dfen Getr\u00e4nken. Auf Anfrage bieten wir auch Optionen f\u00fcr G\u00e4ste mit besonderen Bed\u00fcrfnissen oder Di\u00e4ten an.<\/p>\n<\/div><\/div><\/div><\/div><\/div><\/div><div class=\"vc_col-sm-8 wpb_column vc_column_container\"><div class=\"vc_column-inner\"><div class=\"wpb_wrapper\"><div data-us-scroll=\"{&quot;from_initial_position&quot;:&quot;0&quot;,&quot;start_position&quot;:&quot;25%&quot;,&quot;end_position&quot;:&quot;50%&quot;,&quot;delay&quot;:&quot;0s&quot;,&quot;translate_x_direction&quot;:&quot;left&quot;,&quot;translate_x_speed&quot;:&quot;0.3x&quot;}\" class=\"w-image us_custom_b570b43b has_scroll_effects has_translate_x has_ratio align_none\"><div class=\"w-image-h\"><div style=\"padding-bottom:75%\"><\/div><img decoding=\"async\" width=\"1920\" height=\"1280\" src=\"https:\/\/www.hoteldeva.it\/wp-content\/uploads\/2026\/02\/2693-1920x1280.jpg\" class=\"attachment-us_1920_1280_crop size-us_1920_1280_crop\" alt=\"Hotel Deva | Hotel 3 stelle Riva del Garda\" loading=\"lazy\" \/><\/div><\/div><\/div><\/div><\/div><\/div><\/div><\/section><section class=\"l-section wpb_row height_medium\"><div class=\"l-section-h i-cf\"><div class=\"g-cols vc_row via_flex valign_top type_default stacking_default\"><div class=\"vc_col-sm-12 wpb_column vc_column_container\"><div class=\"vc_column-inner\"><div class=\"wpb_wrapper\"><div class=\"w-gallery us_custom_da175ab1 us_animate_this fit_cover type_metro_1 action_popup_image ratio_4x3 count_3\" style=\"--columns:4;--items-gap:15px;\"><div class=\"w-gallery-list\"><div class=\"w-gallery-item\"><div class=\"w-gallery-item-img\"><img loading=\"lazy\" decoding=\"async\" width=\"1000\" height=\"749\" src=\"https:\/\/www.hoteldeva.it\/wp-content\/uploads\/2025\/12\/215793152.jpg\" class=\"attachment-us_1280_853_crop size-us_1280_853_crop\" alt=\"Hotel Deva | Hotel 3 stelle Riva del Garda\" srcset=\"https:\/\/www.hoteldeva.it\/wp-content\/uploads\/2025\/12\/215793152.jpg 1000w, https:\/\/www.hoteldeva.it\/wp-content\/uploads\/2025\/12\/215793152-300x225.jpg 300w\" sizes=\"auto, (max-width: 1000px) 100vw, 1000px\" \/><\/div><a class=\"w-gallery-item-link\" aria-label=\"Hotel Deva | Hotel 3 stelle Riva del Garda\" href=\"https:\/\/www.hoteldeva.it\/wp-content\/uploads\/2025\/12\/215793152.jpg\"><\/a><\/div><div class=\"w-gallery-item\"><div class=\"w-gallery-item-img\"><img loading=\"lazy\" decoding=\"async\" width=\"1280\" height=\"853\" src=\"https:\/\/www.hoteldeva.it\/wp-content\/uploads\/2026\/02\/caption-1-1280x853.jpg\" class=\"attachment-us_1280_853_crop size-us_1280_853_crop\" alt=\"Hotel Deva | Hotel 3 stelle Riva del Garda\" srcset=\"https:\/\/www.hoteldeva.it\/wp-content\/uploads\/2026\/02\/caption-1-1280x853.jpg 1280w, https:\/\/www.hoteldeva.it\/wp-content\/uploads\/2026\/02\/caption-1-600x400.jpg 600w\" sizes=\"auto, (max-width: 1280px) 100vw, 1280px\" \/><\/div><a class=\"w-gallery-item-link\" aria-label=\"Hotel Deva | Hotel 3 stelle Riva del Garda\" href=\"https:\/\/www.hoteldeva.it\/wp-content\/uploads\/2026\/02\/caption-1.jpg\"><\/a><\/div><div class=\"w-gallery-item\"><div class=\"w-gallery-item-img\"><img loading=\"lazy\" decoding=\"async\" width=\"1280\" height=\"853\" src=\"https:\/\/www.hoteldeva.it\/wp-content\/uploads\/2026\/02\/WhatsApp-Image-2025-12-04-at-17.26.24-1280x853.jpeg\" class=\"attachment-us_1280_853_crop size-us_1280_853_crop\" alt=\"Hotel Riva del Garda\" srcset=\"https:\/\/www.hoteldeva.it\/wp-content\/uploads\/2026\/02\/WhatsApp-Image-2025-12-04-at-17.26.24-1280x853.jpeg 1280w, https:\/\/www.hoteldeva.it\/wp-content\/uploads\/2026\/02\/WhatsApp-Image-2025-12-04-at-17.26.24-600x400.jpeg 600w\" sizes=\"auto, (max-width: 1280px) 100vw, 1280px\" \/><\/div><a class=\"w-gallery-item-link\" aria-label=\"Hotel Riva del Garda\" href=\"https:\/\/www.hoteldeva.it\/wp-content\/uploads\/2026\/02\/WhatsApp-Image-2025-12-04-at-17.26.24.jpeg\"><\/a><\/div><\/div><\/div><div class=\"w-separator size_medium\"><\/div><div class=\"g-cols wpb_row via_flex valign_top type_default stacking_default\"><div class=\"vc_col-sm-4 wpb_column vc_column_container\"><div class=\"vc_column-inner\"><div class=\"wpb_wrapper\"><div class=\"w-vwrapper us_custom_62e46706 align_none valign_top\"><h6 class=\"w-text\"><span class=\"w-text-h\"><span class=\"w-text-value\">relax<\/span><\/span><\/h6><h3 class=\"w-text\"><span class=\"w-text-h\"><span class=\"w-text-value\">Entspannung mit Seeblick und Sonnenterrasse mitten im Gr\u00fcnen<\/span><\/span><\/h3><\/div><\/div><\/div><\/div><div class=\"vc_col-sm-8 wpb_column vc_column_container\"><div class=\"vc_column-inner\"><div class=\"wpb_wrapper\"><div class=\"wpb_text_column\"><div class=\"wpb_wrapper\"><p>Unser Au\u00dfenpool verf\u00fcgt \u00fcber eine komfortable Sonnenterrasse mit Liegest\u00fchlen und Sonnenschirmen, umgeben von einem gepflegten Garten, der eine intime und nat\u00fcrliche Atmosph\u00e4re schafft. Die erh\u00f6hte Lage des Hotels erm\u00f6glicht einen einzigartigen Panoramablick, ein wahres Spektakel w\u00e4hrend der Abendstunden, wenn sich der See in goldenen Reflexen f\u00e4rbt.<\/p>\n<p>Der Garten mit Olivenb\u00e4umen, mediterranen Pflanzen und gro\u00dfz\u00fcgigen Entspannungsbereichen ist der perfekte Ort, um ein Buch zu lesen, sich zu sonnen oder einfach nur zu entspannen und die frische Luft zu genie\u00dfen. Einige Zimmer bieten sogar direkten Zugang zum Poolbereich, ein Pluspunkt, der von G\u00e4sten, die einen unmittelbaren Kontakt zum Au\u00dfenbereich w\u00fcnschen, sehr gesch\u00e4tzt wird.<\/p>\n<\/div><\/div><\/div><\/div><\/div><\/div><\/div><\/div><\/div><\/div><\/div><\/section><section class=\"l-section wpb_row us_custom_10679678 height_small\"><div class=\"l-section-h i-cf\"><div class=\"g-cols vc_row via_flex valign_middle type_default stacking_default\"><div class=\"vc_col-sm-8 wpb_column vc_column_container\"><div class=\"vc_column-inner\"><div class=\"wpb_wrapper\"><div data-us-scroll=\"{&quot;from_initial_position&quot;:&quot;0&quot;,&quot;start_position&quot;:&quot;25%&quot;,&quot;end_position&quot;:&quot;50%&quot;,&quot;delay&quot;:&quot;0s&quot;,&quot;translate_x_direction&quot;:&quot;right&quot;,&quot;translate_x_speed&quot;:&quot;0.3x&quot;}\" class=\"w-image us_custom_b570b43b has_scroll_effects has_translate_x has_ratio align_none\"><div class=\"w-image-h\"><div style=\"padding-bottom:75%\"><\/div><img decoding=\"async\" width=\"1920\" height=\"1280\" src=\"https:\/\/www.hoteldeva.it\/wp-content\/uploads\/2026\/02\/17466-1920x1280.jpg\" class=\"attachment-us_1920_1280_crop size-us_1920_1280_crop\" alt=\"Hotel Deva | Hotel 3 stelle Riva del Garda\" loading=\"lazy\" \/><\/div><\/div><\/div><\/div><\/div><div class=\"vc_col-sm-4 wpb_column vc_column_container\"><div class=\"vc_column-inner\"><div class=\"wpb_wrapper\"><div class=\"w-vwrapper us_custom_62e46706 align_none valign_top\"><h6 class=\"w-text\"><span class=\"w-text-h\"><span class=\"w-text-value\">Authentische Aromen<\/span><\/span><\/h6><h3 class=\"w-text\"><span class=\"w-text-h\"><span class=\"w-text-value\">Restaurant mit italienischer K\u00fcche<\/span><\/span><\/h3><div class=\"wpb_text_column\"><div class=\"wpb_wrapper\"><p>Das Restaurant des Hotels Deva ist ein zus\u00e4tzlicher Pluspunkt f\u00fcr alle, die ihren Urlaub auch kulinarisch genie\u00dfen m\u00f6chten. Jeden Tag bieten wir traditionelle italienische Gerichte, die mit kreativen Akzenten neu interpretiert und aus frischen, ausgew\u00e4hlten Zutaten zubereitet werden.<\/p>\n<\/div><\/div><div class=\"w-btn-wrapper align_none\"><a class=\"w-btn us-btn-style_4\" href=\"https:\/\/www.hoteldeva.it\/de\/restaurant\/\"><span class=\"w-btn-label\">Zum Restaurant gehen<\/span><\/a><\/div><\/div><\/div><\/div><\/div><\/div><\/div><\/section>\n","protected":false},"excerpt":{"rendered":"Welcome BikersInformationen und Dienstleistungen Hotel Deva Riva del GardaAlles, was Ihren Aufenthalt am Gardasee zu etwas Besonderem machtAls 3-Sterne-Hotel in Riva del Garda sind wir bestrebt, Ihnen alles zu bieten, was Sie f\u00fcr einen rundum gelungenen Aufenthalt ben\u00f6tigen: gepflegte R\u00e4umlichkeiten, komfortable Zimmer, Entspannungsbereiche und stets hilfsbereites Personal. Sind Sie Motorradfahrer? Dank unseres privaten und bequemen...","protected":false},"author":1,"featured_media":532,"parent":0,"menu_order":0,"comment_status":"closed","ping_status":"closed","template":"","meta":{"footnotes":""},"class_list":["post-617","page","type-page","status-publish","has-post-thumbnail","hentry"],"yoast_head":"<!-- This site is optimized with the Yoast SEO plugin v26.9 - https:\/\/yoast.com\/product\/yoast-seo-wordpress\/ -->\n<title>Dienstleistungen Hotel Riva del Garda 3 Sterne | Hotel Deva<\/title>\n<meta name=\"description\" content=\"Alle Dienstleistungen unseres Hotels Riva del Garda: Swimmingpool, Parkplatz, Restaurant, Panoramablick und Komfort f\u00fcr einen sorgenfreien Urlaub.\" \/>\n<meta name=\"robots\" content=\"index, follow, max-snippet:-1, max-image-preview:large, max-video-preview:-1\" \/>\n<link rel=\"canonical\" href=\"https:\/\/www.hoteldeva.it\/de\/infos-und-dienstleistungen\/\" \/>\n<meta property=\"og:locale\" content=\"de_DE\" \/>\n<meta property=\"og:type\" content=\"article\" \/>\n<meta property=\"og:title\" content=\"Dienstleistungen Hotel Riva del Garda 3 Sterne | Hotel Deva\" \/>\n<meta property=\"og:description\" content=\"Alle Dienstleistungen unseres Hotels Riva del Garda: Swimmingpool, Parkplatz, Restaurant, Panoramablick und Komfort f\u00fcr einen sorgenfreien Urlaub.\" \/>\n<meta property=\"og:url\" content=\"https:\/\/www.hoteldeva.it\/de\/infos-und-dienstleistungen\/\" \/>\n<meta property=\"og:site_name\" content=\"Hotel Deva\" \/>\n<meta property=\"article:modified_time\" content=\"2026-02-12T15:14:41+00:00\" \/>\n<meta property=\"og:image\" content=\"https:\/\/www.hoteldeva.it\/wp-content\/uploads\/2026\/02\/IMG_3762-scaled.jpg\" \/>\n\t<meta property=\"og:image:width\" content=\"2560\" \/>\n\t<meta property=\"og:image:height\" content=\"1220\" \/>\n\t<meta property=\"og:image:type\" content=\"image\/jpeg\" \/>\n<meta name=\"twitter:card\" content=\"summary_large_image\" \/>\n<meta name=\"twitter:label1\" content=\"Gesch\u00e4tzte Lesezeit\" \/>\n\t<meta name=\"twitter:data1\" content=\"3\u00a0Minuten\" \/>\n<script type=\"application\/ld+json\" class=\"yoast-schema-graph\">{\"@context\":\"https:\/\/schema.org\",\"@graph\":[{\"@type\":\"WebPage\",\"@id\":\"https:\/\/www.hoteldeva.it\/de\/infos-und-dienstleistungen\/\",\"url\":\"https:\/\/www.hoteldeva.it\/de\/infos-und-dienstleistungen\/\",\"name\":\"Dienstleistungen Hotel Riva del Garda 3 Sterne | Hotel Deva\",\"isPartOf\":{\"@id\":\"https:\/\/www.hoteldeva.it\/#website\"},\"primaryImageOfPage\":{\"@id\":\"https:\/\/www.hoteldeva.it\/de\/infos-und-dienstleistungen\/#primaryimage\"},\"image\":{\"@id\":\"https:\/\/www.hoteldeva.it\/de\/infos-und-dienstleistungen\/#primaryimage\"},\"thumbnailUrl\":\"https:\/\/www.hoteldeva.it\/wp-content\/uploads\/2026\/02\/IMG_3762-scaled.jpg\",\"datePublished\":\"2026-02-02T15:16:27+00:00\",\"dateModified\":\"2026-02-12T15:14:41+00:00\",\"description\":\"Alle Dienstleistungen unseres Hotels Riva del Garda: Swimmingpool, Parkplatz, Restaurant, Panoramablick und Komfort f\u00fcr einen sorgenfreien Urlaub.\",\"breadcrumb\":{\"@id\":\"https:\/\/www.hoteldeva.it\/de\/infos-und-dienstleistungen\/#breadcrumb\"},\"inLanguage\":\"de\",\"potentialAction\":[{\"@type\":\"ReadAction\",\"target\":[\"https:\/\/www.hoteldeva.it\/de\/infos-und-dienstleistungen\/\"]}]},{\"@type\":\"ImageObject\",\"inLanguage\":\"de\",\"@id\":\"https:\/\/www.hoteldeva.it\/de\/infos-und-dienstleistungen\/#primaryimage\",\"url\":\"https:\/\/www.hoteldeva.it\/wp-content\/uploads\/2026\/02\/IMG_3762-scaled.jpg\",\"contentUrl\":\"https:\/\/www.hoteldeva.it\/wp-content\/uploads\/2026\/02\/IMG_3762-scaled.jpg\",\"width\":2560,\"height\":1220,\"caption\":\"Hotel Deva | Hotel 3 stelle Riva del Garda\"},{\"@type\":\"BreadcrumbList\",\"@id\":\"https:\/\/www.hoteldeva.it\/de\/infos-und-dienstleistungen\/#breadcrumb\",\"itemListElement\":[{\"@type\":\"ListItem\",\"position\":1,\"name\":\"Home\",\"item\":\"https:\/\/www.hoteldeva.it\/de\/\"},{\"@type\":\"ListItem\",\"position\":2,\"name\":\"Infos und Dienstleistungen\"}]},{\"@type\":\"WebSite\",\"@id\":\"https:\/\/www.hoteldeva.it\/#website\",\"url\":\"https:\/\/www.hoteldeva.it\/\",\"name\":\"Hotel Deva Riva del Garda\",\"description\":\"Hotel Deva Riva del Garda\",\"publisher\":{\"@id\":\"https:\/\/www.hoteldeva.it\/#organization\"},\"alternateName\":\"Hotel Deva Riva del Garda\",\"potentialAction\":[{\"@type\":\"SearchAction\",\"target\":{\"@type\":\"EntryPoint\",\"urlTemplate\":\"https:\/\/www.hoteldeva.it\/?s={search_term_string}\"},\"query-input\":{\"@type\":\"PropertyValueSpecification\",\"valueRequired\":true,\"valueName\":\"search_term_string\"}}],\"inLanguage\":\"de\"},{\"@type\":\"Organization\",\"@id\":\"https:\/\/www.hoteldeva.it\/#organization\",\"name\":\"Hotel Deva Riva del Garda\",\"alternateName\":\"Hotel Deva Riva del Garda\",\"url\":\"https:\/\/www.hoteldeva.it\/\",\"logo\":{\"@type\":\"ImageObject\",\"inLanguage\":\"de\",\"@id\":\"https:\/\/www.hoteldeva.it\/#\/schema\/logo\/image\/\",\"url\":\"https:\/\/www.hoteldeva.it\/wp-content\/uploads\/2026\/02\/logoheader.svg\",\"contentUrl\":\"https:\/\/www.hoteldeva.it\/wp-content\/uploads\/2026\/02\/logoheader.svg\",\"width\":\"1024\",\"height\":\"1024\",\"caption\":\"Hotel Deva Riva del Garda\"},\"image\":{\"@id\":\"https:\/\/www.hoteldeva.it\/#\/schema\/logo\/image\/\"}}]}<\/script>\n<!-- \/ Yoast SEO plugin. -->","yoast_head_json":{"title":"Dienstleistungen Hotel Riva del Garda 3 Sterne | Hotel Deva","description":"Alle Dienstleistungen unseres Hotels Riva del Garda: Swimmingpool, Parkplatz, Restaurant, Panoramablick und Komfort f\u00fcr einen sorgenfreien Urlaub.","robots":{"index":"index","follow":"follow","max-snippet":"max-snippet:-1","max-image-preview":"max-image-preview:large","max-video-preview":"max-video-preview:-1"},"canonical":"https:\/\/www.hoteldeva.it\/de\/infos-und-dienstleistungen\/","og_locale":"de_DE","og_type":"article","og_title":"Dienstleistungen Hotel Riva del Garda 3 Sterne | Hotel Deva","og_description":"Alle Dienstleistungen unseres Hotels Riva del Garda: Swimmingpool, Parkplatz, Restaurant, Panoramablick und Komfort f\u00fcr einen sorgenfreien Urlaub.","og_url":"https:\/\/www.hoteldeva.it\/de\/infos-und-dienstleistungen\/","og_site_name":"Hotel Deva","article_modified_time":"2026-02-12T15:14:41+00:00","og_image":[{"width":2560,"height":1220,"url":"https:\/\/www.hoteldeva.it\/wp-content\/uploads\/2026\/02\/IMG_3762-scaled.jpg","type":"image\/jpeg"}],"twitter_card":"summary_large_image","twitter_misc":{"Gesch\u00e4tzte Lesezeit":"3\u00a0Minuten"},"schema":{"@context":"https:\/\/schema.org","@graph":[{"@type":"WebPage","@id":"https:\/\/www.hoteldeva.it\/de\/infos-und-dienstleistungen\/","url":"https:\/\/www.hoteldeva.it\/de\/infos-und-dienstleistungen\/","name":"Dienstleistungen Hotel Riva del Garda 3 Sterne | Hotel Deva","isPartOf":{"@id":"https:\/\/www.hoteldeva.it\/#website"},"primaryImageOfPage":{"@id":"https:\/\/www.hoteldeva.it\/de\/infos-und-dienstleistungen\/#primaryimage"},"image":{"@id":"https:\/\/www.hoteldeva.it\/de\/infos-und-dienstleistungen\/#primaryimage"},"thumbnailUrl":"https:\/\/www.hoteldeva.it\/wp-content\/uploads\/2026\/02\/IMG_3762-scaled.jpg","datePublished":"2026-02-02T15:16:27+00:00","dateModified":"2026-02-12T15:14:41+00:00","description":"Alle Dienstleistungen unseres Hotels Riva del Garda: Swimmingpool, Parkplatz, Restaurant, Panoramablick und Komfort f\u00fcr einen sorgenfreien Urlaub.","breadcrumb":{"@id":"https:\/\/www.hoteldeva.it\/de\/infos-und-dienstleistungen\/#breadcrumb"},"inLanguage":"de","potentialAction":[{"@type":"ReadAction","target":["https:\/\/www.hoteldeva.it\/de\/infos-und-dienstleistungen\/"]}]},{"@type":"ImageObject","inLanguage":"de","@id":"https:\/\/www.hoteldeva.it\/de\/infos-und-dienstleistungen\/#primaryimage","url":"https:\/\/www.hoteldeva.it\/wp-content\/uploads\/2026\/02\/IMG_3762-scaled.jpg","contentUrl":"https:\/\/www.hoteldeva.it\/wp-content\/uploads\/2026\/02\/IMG_3762-scaled.jpg","width":2560,"height":1220,"caption":"Hotel Deva | Hotel 3 stelle Riva del Garda"},{"@type":"BreadcrumbList","@id":"https:\/\/www.hoteldeva.it\/de\/infos-und-dienstleistungen\/#breadcrumb","itemListElement":[{"@type":"ListItem","position":1,"name":"Home","item":"https:\/\/www.hoteldeva.it\/de\/"},{"@type":"ListItem","position":2,"name":"Infos und Dienstleistungen"}]},{"@type":"WebSite","@id":"https:\/\/www.hoteldeva.it\/#website","url":"https:\/\/www.hoteldeva.it\/","name":"Hotel Deva Riva del Garda","description":"Hotel Deva Riva del Garda","publisher":{"@id":"https:\/\/www.hoteldeva.it\/#organization"},"alternateName":"Hotel Deva Riva del Garda","potentialAction":[{"@type":"SearchAction","target":{"@type":"EntryPoint","urlTemplate":"https:\/\/www.hoteldeva.it\/?s={search_term_string}"},"query-input":{"@type":"PropertyValueSpecification","valueRequired":true,"valueName":"search_term_string"}}],"inLanguage":"de"},{"@type":"Organization","@id":"https:\/\/www.hoteldeva.it\/#organization","name":"Hotel Deva Riva del Garda","alternateName":"Hotel Deva Riva del Garda","url":"https:\/\/www.hoteldeva.it\/","logo":{"@type":"ImageObject","inLanguage":"de","@id":"https:\/\/www.hoteldeva.it\/#\/schema\/logo\/image\/","url":"https:\/\/www.hoteldeva.it\/wp-content\/uploads\/2026\/02\/logoheader.svg","contentUrl":"https:\/\/www.hoteldeva.it\/wp-content\/uploads\/2026\/02\/logoheader.svg","width":"1024","height":"1024","caption":"Hotel Deva Riva del Garda"},"image":{"@id":"https:\/\/www.hoteldeva.it\/#\/schema\/logo\/image\/"}}]}},"_links":{"self":[{"href":"https:\/\/www.hoteldeva.it\/de\/wp-json\/wp\/v2\/pages\/617","targetHints":{"allow":["GET"]}}],"collection":[{"href":"https:\/\/www.hoteldeva.it\/de\/wp-json\/wp\/v2\/pages"}],"about":[{"href":"https:\/\/www.hoteldeva.it\/de\/wp-json\/wp\/v2\/types\/page"}],"author":[{"embeddable":true,"href":"https:\/\/www.hoteldeva.it\/de\/wp-json\/wp\/v2\/users\/1"}],"replies":[{"embeddable":true,"href":"https:\/\/www.hoteldeva.it\/de\/wp-json\/wp\/v2\/comments?post=617"}],"version-history":[{"count":3,"href":"https:\/\/www.hoteldeva.it\/de\/wp-json\/wp\/v2\/pages\/617\/revisions"}],"predecessor-version":[{"id":620,"href":"https:\/\/www.hoteldeva.it\/de\/wp-json\/wp\/v2\/pages\/617\/revisions\/620"}],"wp:featuredmedia":[{"embeddable":true,"href":"https:\/\/www.hoteldeva.it\/de\/wp-json\/wp\/v2\/media\/532"}],"wp:attachment":[{"href":"https:\/\/www.hoteldeva.it\/de\/wp-json\/wp\/v2\/media?parent=617"}],"curies":[{"name":"wp","href":"https:\/\/api.w.org\/{rel}","templated":true}]}}