{"id":593,"date":"2026-02-02T16:16:40","date_gmt":"2026-02-02T15:16:40","guid":{"rendered":"https:\/\/www.hoteldeva.it\/ristorante\/"},"modified":"2026-02-12T16:02:57","modified_gmt":"2026-02-12T15:02:57","slug":"restaurant","status":"publish","type":"page","link":"https:\/\/www.hoteldeva.it\/de\/restaurant\/","title":{"rendered":"Restaurant"},"content":{"rendered":"<section class=\"l-section wpb_row height_medium with_img\"><div class=\"l-section-img\" role=\"img\" aria-label=\"Hotel Deva | Hotel 3 stelle Riva del Garda\" data-img-width=\"2000\" data-img-height=\"1333\" style=\"background-image: url(https:\/\/www.hoteldeva.it\/wp-content\/uploads\/2026\/02\/17466.jpg);background-repeat: no-repeat;\"><\/div><div class=\"l-section-overlay\" style=\"background:rgba(0,0,0,0.33)\"><\/div><div class=\"l-section-h i-cf\"><div class=\"g-cols vc_row via_flex valign_middle type_default stacking_default\"><div class=\"vc_col-sm-12 wpb_column vc_column_container\"><div class=\"vc_column-inner us_custom_a96ac8d2\"><div class=\"wpb_wrapper\"><div class=\"w-text us_custom_238e33df has_text_color\"><span class=\"w-text-h\"><span class=\"w-text-value\">Italienische Aromen, Seeblick<\/span><\/span><\/div><\/div><\/div><\/div><\/div><\/div><\/section><section class=\"l-section wpb_row us_custom_d77bca1a us_animate_this height_medium\"><div class=\"l-section-h i-cf\"><div class=\"g-cols vc_row via_flex valign_top type_default stacking_default\"><div class=\"vc_col-sm-12 wpb_column vc_column_container\"><div class=\"vc_column-inner\"><div class=\"wpb_wrapper\"><div class=\"w-vwrapper us_custom_c177a905 align_center valign_top\" style=\"--vwrapper-gap:1rem\"><h1 class=\"w-text\"><span class=\"w-text-h\"><span class=\"w-text-value\">Restaurant mit italienischer K\u00fcche in Riva del Garda<\/span><\/span><\/h1><h2 class=\"w-text\"><span class=\"w-text-h\"><span class=\"w-text-value\">Authentische Aromen, unverf\u00e4lschte Zutaten und Blick auf den Gardasee<\/span><\/span><\/h2><div class=\"w-separator size_small\"><\/div><div class=\"wpb_text_column\"><div class=\"wpb_wrapper\"><p>Jeden Tag bieten wir traditionelle italienische Gerichte, die mit kreativen Akzenten neu interpretiert und aus frischen, ausgew\u00e4hlten Zutaten zubereitet werden. Unser Ziel ist es, ein einfaches, aber raffiniertes kulinarisches Erlebnis zu bieten, das sowohl neugierige G\u00e4ste als auch diejenigen zufriedenstellt, die nach einem Tag voller Ausfl\u00fcge eine authentische Mahlzeit genie\u00dfen m\u00f6chten.<br \/>\nDie Atmosph\u00e4re des Restaurants ist gem\u00fctlich und ungezwungen, perfekt f\u00fcr ein entspanntes Abendessen mit Panoramablick. Die mediterranen Aromen, die Sorgfalt bei der Zubereitung und die Aufmerksamkeit f\u00fcr Ern\u00e4hrungsbed\u00fcrfnisse machen unser Restaurant zu einer idealen Wahl f\u00fcr Familien, Paare und Gruppen.<\/p>\n<\/div><\/div><\/div><\/div><\/div><\/div><\/div><\/div><\/section><section class=\"l-section wpb_row height_medium\"><div class=\"l-section-h i-cf\"><div class=\"g-cols vc_row via_flex valign_top type_default stacking_default\"><div class=\"vc_col-sm-12 wpb_column vc_column_container\"><div class=\"vc_column-inner\"><div class=\"wpb_wrapper\"><h4 class=\"w-text us_custom_eb849559\"><span class=\"w-text-h\"><span class=\"w-text-value\">3 gute Gr\u00fcnde, sich f\u00fcr das Hotel Deva zu entscheiden<\/span><\/span><\/h4><div class=\"w-separator size_medium\"><\/div><div class=\"w-content-carousel items_3 us_custom_6aa2cc3f us_animate_this\"><div class=\"owl-carousel valign_stretch dotstyle_dash navstyle_circle arrows-ver-pos_middle arrows-hor-pos_on_sides_outside arrows-disabled_hide owl-responsive-2000 with_dots\" style=\"--items-gap:20px;--transition-duration:850ms;\" onclick=\"return {&quot;aria_labels&quot;:{&quot;prev&quot;:&quot;Zur\\u00fcck&quot;,&quot;next&quot;:&quot;Weiter&quot;},&quot;autoplayContinual&quot;:false,&quot;autoplayHoverPause&quot;:false,&quot;autoplayTimeout&quot;:3000,&quot;autoWidth&quot;:false,&quot;smartSpeed&quot;:850,&quot;margin&quot;:20,&quot;mouseDrag&quot;:true,&quot;rtl&quot;:false,&quot;slideBy&quot;:&quot;1&quot;,&quot;touchDrag&quot;:true,&quot;slideTransition&quot;:&quot;&quot;,&quot;responsive&quot;:{&quot;0&quot;:{&quot;autoHeight&quot;:false,&quot;autoplay&quot;:false,&quot;autoWidth&quot;:false,&quot;center&quot;:false,&quot;dots&quot;:true,&quot;items&quot;:1,&quot;loop&quot;:true,&quot;nav&quot;:false,&quot;stagePadding&quot;:30,&quot;slideBy&quot;:&quot;1&quot;},&quot;601&quot;:{&quot;autoHeight&quot;:false,&quot;autoplay&quot;:false,&quot;autoWidth&quot;:false,&quot;center&quot;:false,&quot;dots&quot;:true,&quot;items&quot;:3,&quot;loop&quot;:true,&quot;nav&quot;:false,&quot;stagePadding&quot;:0}}}\"><div class=\"w-vwrapper align_none valign_top\"><div class=\"w-image us_custom_b570b43b has_ratio align_none\"><div class=\"w-image-h\"><div style=\"padding-bottom:133.3333%\"><\/div><img decoding=\"async\" width=\"1024\" height=\"1024\" src=\"https:\/\/www.hoteldeva.it\/wp-content\/uploads\/2026\/02\/photo1jpg-1024x1024.jpg\" class=\"attachment-large size-large\" alt=\"Hotel Deva | Hotel 3 stelle Riva del Garda\" loading=\"lazy\" \/><\/div><\/div><div class=\"w-text us_custom_bea92589 has_text_color\"><span class=\"w-text-h\"><span class=\"w-text-value\">Panorama-Ansicht<\/span><\/span><\/div><\/div><div class=\"w-vwrapper align_none valign_top\"><div class=\"w-image us_custom_b570b43b has_ratio align_none\"><div class=\"w-image-h\"><div style=\"padding-bottom:133.3333%\"><\/div><img decoding=\"async\" width=\"1024\" height=\"683\" src=\"https:\/\/www.hoteldeva.it\/wp-content\/uploads\/2026\/02\/8738-1024x683.jpg\" class=\"attachment-large size-large\" alt=\"Hotel Deva | Hotel 3 stelle Riva del Garda\" loading=\"lazy\" \/><\/div><\/div><div class=\"w-text us_custom_bea92589 has_text_color\"><span class=\"w-text-h\"><span class=\"w-text-value\">Echte K\u00fcche<\/span><\/span><\/div><\/div><div class=\"w-vwrapper align_none valign_top\"><div class=\"w-image us_custom_b570b43b has_ratio align_none\"><div class=\"w-image-h\"><div style=\"padding-bottom:133.3333%\"><\/div><img decoding=\"async\" width=\"1000\" height=\"749\" src=\"https:\/\/www.hoteldeva.it\/wp-content\/uploads\/2025\/12\/215792858.jpg\" class=\"attachment-large size-large\" alt=\"Hotel Deva | Hotel 3 stelle Riva del Garda\" loading=\"lazy\" \/><\/div><\/div><div class=\"w-text us_custom_bea92589 has_text_color\"><span class=\"w-text-h\"><span class=\"w-text-value\">Gem\u00fctliche Atmosph\u00e4re<\/span><\/span><\/div><\/div><\/div><\/div><\/div><\/div><\/div><\/div><\/div><\/section><section class=\"l-section wpb_row height_small\"><div class=\"l-section-h i-cf\"><div class=\"g-cols vc_row via_flex valign_middle type_default reversed stacking_default\"><div class=\"vc_col-sm-4 wpb_column vc_column_container\"><div class=\"vc_column-inner\"><div class=\"wpb_wrapper\"><div class=\"w-vwrapper us_custom_62e46706 align_none valign_top\"><h6 class=\"w-text\"><span class=\"w-text-h\"><span class=\"w-text-value\">pizza<\/span><\/span><\/h6><h3 class=\"w-text\"><span class=\"w-text-h\"><span class=\"w-text-value\">Unsere handgemachte Pizza, leicht und duftend<\/span><\/span><\/h3><div class=\"wpb_text_column\"><div class=\"wpb_wrapper\"><p>Unsere Pizza ist eines der beliebtesten Gerichte unserer G\u00e4ste: duftend, leicht und mit sorgf\u00e4ltig ausgew\u00e4hlten Zutaten von hoher Qualit\u00e4t zubereitet. Der Teig, der langsam geknetet und ruhen gelassen wird, garantiert einen weichen und bek\u00f6mmlichen Boden, w\u00e4hrend die Bel\u00e4ge den authentischen Geschmack der italienischen Tradition unterstreichen.<\/p>\n<\/div><\/div><\/div><\/div><\/div><\/div><div class=\"vc_col-sm-8 wpb_column vc_column_container\"><div class=\"vc_column-inner\"><div class=\"wpb_wrapper\"><div data-us-scroll=\"{&quot;from_initial_position&quot;:&quot;0&quot;,&quot;start_position&quot;:&quot;25%&quot;,&quot;end_position&quot;:&quot;50%&quot;,&quot;delay&quot;:&quot;0s&quot;,&quot;translate_x_direction&quot;:&quot;left&quot;,&quot;translate_x_speed&quot;:&quot;0.3x&quot;}\" class=\"w-image us_custom_b570b43b has_scroll_effects has_translate_x has_ratio align_none\"><div class=\"w-image-h\"><div style=\"padding-bottom:75%\"><\/div><img decoding=\"async\" width=\"1920\" height=\"1280\" src=\"https:\/\/www.hoteldeva.it\/wp-content\/uploads\/2026\/02\/2148305632-1920x1280.jpg\" class=\"attachment-us_1920_1280_crop size-us_1920_1280_crop\" alt=\"Hotel Deva | Hotel 3 stelle Riva del Garda\" loading=\"lazy\" \/><\/div><\/div><\/div><\/div><\/div><\/div><\/div><\/section><section class=\"l-section wpb_row height_medium\"><div class=\"l-section-h i-cf\"><div class=\"g-cols vc_row via_flex valign_top type_default stacking_default\"><div class=\"vc_col-sm-12 wpb_column vc_column_container\"><div class=\"vc_column-inner\"><div class=\"wpb_wrapper\"><div class=\"w-grid us_post_carousel type_carousel layout_gallery_cropped preload_style_spinner items_3 ratio_1x1\" id=\"us_post_list_nca1\" style=\"--items:3;--gap:0.5rem;--item-ratio:1;\"><style>.layout_gallery_cropped .w-grid-item-h{}.layout_gallery_cropped .usg_post_image_1{position:absolute!important;left:0!important;top:0!important;bottom:0!important;right:0!important}<\/style><div class=\"w-grid-list owl-carousel valign_stretch dotstyle_circle navstyle_2 arrows-ver-pos_bottom_outside arrows-hor-pos_right_inside arrows-disabled_hide owl-responsive-2000 with_arrows\" style=\"--transition-duration:1000ms;--arrows-size:1rem;--arrows-ver-offset:-20px;--arrows-hor-offset:68px;--arrows-gap:10px;\">\t<article class=\"w-grid-item size_1x1 post-518 attachment type-attachment status-inherit hentry\" data-id=\"518\">\r\n\t\t<div class=\"w-grid-item-h\">\r\n\t\t\t\t\t\t\t<a ref=\"magnificPopupGrid\" href=\"https:\/\/www.hoteldeva.it\/wp-content\/uploads\/2025\/12\/215792858.jpg\" class=\"w-grid-item-anchor\" aria-label=\"Hotel Deva | Hotel 3 stelle Riva del Garda\"><\/a>\r\n\t\t\t\t\t\t<div class=\"w-post-elm post_image usg_post_image_1 stretched\"><img loading=\"lazy\" decoding=\"async\" width=\"1000\" height=\"749\" src=\"https:\/\/www.hoteldeva.it\/wp-content\/uploads\/2025\/12\/215792858.jpg\" class=\"attachment-large size-large\" alt=\"Hotel Deva | Hotel 3 stelle Riva del Garda\" srcset=\"https:\/\/www.hoteldeva.it\/wp-content\/uploads\/2025\/12\/215792858.jpg 1000w, https:\/\/www.hoteldeva.it\/wp-content\/uploads\/2025\/12\/215792858-300x225.jpg 300w\" sizes=\"auto, (max-width: 1000px) 100vw, 1000px\" \/><\/div>\t\t<\/div>\r\n\t\t\t<\/article>\r\n\t<article class=\"w-grid-item size_1x1 post-550 attachment type-attachment status-inherit hentry\" data-id=\"550\">\r\n\t\t<div class=\"w-grid-item-h\">\r\n\t\t\t\t\t\t\t<a ref=\"magnificPopupGrid\" href=\"https:\/\/www.hoteldeva.it\/wp-content\/uploads\/2026\/02\/photo1jpg.jpg\" class=\"w-grid-item-anchor\" aria-label=\"Hotel Deva | Hotel 3 stelle Riva del Garda\"><\/a>\r\n\t\t\t\t\t\t<div class=\"w-post-elm post_image usg_post_image_1 stretched\"><img loading=\"lazy\" decoding=\"async\" width=\"1024\" height=\"1024\" src=\"https:\/\/www.hoteldeva.it\/wp-content\/uploads\/2026\/02\/photo1jpg-1024x1024.jpg\" class=\"attachment-large size-large\" alt=\"Hotel Deva | Hotel 3 stelle Riva del Garda\" srcset=\"https:\/\/www.hoteldeva.it\/wp-content\/uploads\/2026\/02\/photo1jpg-1024x1024.jpg 1024w, https:\/\/www.hoteldeva.it\/wp-content\/uploads\/2026\/02\/photo1jpg-300x300.jpg 300w, https:\/\/www.hoteldeva.it\/wp-content\/uploads\/2026\/02\/photo1jpg-150x150.jpg 150w, https:\/\/www.hoteldeva.it\/wp-content\/uploads\/2026\/02\/photo1jpg-800x800.jpg 800w, https:\/\/www.hoteldeva.it\/wp-content\/uploads\/2026\/02\/photo1jpg.jpg 1400w\" sizes=\"auto, (max-width: 1024px) 100vw, 1024px\" \/><\/div>\t\t<\/div>\r\n\t\t\t<\/article>\r\n\t<article class=\"w-grid-item size_1x1 post-552 attachment type-attachment status-inherit hentry\" data-id=\"552\">\r\n\t\t<div class=\"w-grid-item-h\">\r\n\t\t\t\t\t\t\t<a ref=\"magnificPopupGrid\" href=\"https:\/\/www.hoteldeva.it\/wp-content\/uploads\/2026\/02\/albergo-deva-riva-del-garda-img-7.jpeg\" class=\"w-grid-item-anchor\" aria-label=\"Hotel Deva | Hotel 3 stelle Riva del Garda\"><\/a>\r\n\t\t\t\t\t\t<div class=\"w-post-elm post_image usg_post_image_1 stretched\"><img loading=\"lazy\" decoding=\"async\" width=\"800\" height=\"559\" src=\"https:\/\/www.hoteldeva.it\/wp-content\/uploads\/2026\/02\/albergo-deva-riva-del-garda-img-7.jpeg\" class=\"attachment-large size-large\" alt=\"Hotel Deva | Hotel 3 stelle Riva del Garda\" srcset=\"https:\/\/www.hoteldeva.it\/wp-content\/uploads\/2026\/02\/albergo-deva-riva-del-garda-img-7.jpeg 800w, https:\/\/www.hoteldeva.it\/wp-content\/uploads\/2026\/02\/albergo-deva-riva-del-garda-img-7-300x210.jpeg 300w\" sizes=\"auto, (max-width: 800px) 100vw, 800px\" \/><\/div>\t\t<\/div>\r\n\t\t\t<\/article>\r\n\t<article class=\"w-grid-item size_1x1 post-554 attachment type-attachment status-inherit hentry\" data-id=\"554\">\r\n\t\t<div class=\"w-grid-item-h\">\r\n\t\t\t\t\t\t\t<a ref=\"magnificPopupGrid\" href=\"https:\/\/www.hoteldeva.it\/wp-content\/uploads\/2026\/02\/WhatsApp-Image-2025-12-04-at-17.33.58.jpeg\" class=\"w-grid-item-anchor\" aria-label=\"Hotel Deva | Hotel 3 stelle Riva del Garda\"><\/a>\r\n\t\t\t\t\t\t<div class=\"w-post-elm post_image usg_post_image_1 stretched\"><img loading=\"lazy\" decoding=\"async\" width=\"1024\" height=\"768\" src=\"https:\/\/www.hoteldeva.it\/wp-content\/uploads\/2026\/02\/WhatsApp-Image-2025-12-04-at-17.33.58-1024x768.jpeg\" class=\"attachment-large size-large\" alt=\"Hotel Deva | Hotel 3 stelle Riva del Garda\" srcset=\"https:\/\/www.hoteldeva.it\/wp-content\/uploads\/2026\/02\/WhatsApp-Image-2025-12-04-at-17.33.58-1024x768.jpeg 1024w, https:\/\/www.hoteldeva.it\/wp-content\/uploads\/2026\/02\/WhatsApp-Image-2025-12-04-at-17.33.58-300x225.jpeg 300w, https:\/\/www.hoteldeva.it\/wp-content\/uploads\/2026\/02\/WhatsApp-Image-2025-12-04-at-17.33.58.jpeg 1600w\" sizes=\"auto, (max-width: 1024px) 100vw, 1024px\" \/><\/div>\t\t<\/div>\r\n\t\t\t<\/article>\r\n<\/div><div class=\"w-grid-carousel-json hidden\" onclick='return {&quot;carousel_settings&quot;:{&quot;aria_labels&quot;:{&quot;prev&quot;:&quot;Zur\\u00fcck&quot;,&quot;next&quot;:&quot;Weiter&quot;},&quot;autoplayContinual&quot;:false,&quot;autoplayHoverPause&quot;:false,&quot;autoplayTimeout&quot;:3000,&quot;autoWidth&quot;:false,&quot;smartSpeed&quot;:1000,&quot;margin&quot;:0,&quot;mouseDrag&quot;:true,&quot;rtl&quot;:false,&quot;slideBy&quot;:&quot;1&quot;,&quot;touchDrag&quot;:true,&quot;slideTransition&quot;:&quot;&quot;,&quot;responsive&quot;:{&quot;0&quot;:{&quot;autoHeight&quot;:false,&quot;autoplay&quot;:false,&quot;autoWidth&quot;:false,&quot;center&quot;:false,&quot;dots&quot;:false,&quot;items&quot;:1,&quot;loop&quot;:true,&quot;nav&quot;:false,&quot;stagePadding&quot;:30,&quot;slideBy&quot;:&quot;1&quot;},&quot;601&quot;:{&quot;autoHeight&quot;:false,&quot;autoplay&quot;:false,&quot;autoWidth&quot;:false,&quot;center&quot;:false,&quot;dots&quot;:false,&quot;items&quot;:3,&quot;loop&quot;:true,&quot;nav&quot;:false,&quot;stagePadding&quot;:40,&quot;slideBy&quot;:&quot;1&quot;},&quot;1025&quot;:{&quot;items&quot;:3,&quot;autoplay&quot;:false,&quot;center&quot;:false,&quot;dots&quot;:false,&quot;nav&quot;:true,&quot;autoHeight&quot;:false,&quot;autoWidth&quot;:false,&quot;loop&quot;:true,&quot;stagePadding&quot;:30}}}}'><\/div><\/div><div class=\"w-separator size_medium\"><\/div><\/div><\/div><\/div><\/div><\/div><\/section>\n","protected":false},"excerpt":{"rendered":"","protected":false},"author":1,"featured_media":538,"parent":0,"menu_order":0,"comment_status":"closed","ping_status":"closed","template":"","meta":{"footnotes":""},"class_list":["post-593","page","type-page","status-publish","has-post-thumbnail","hentry"],"yoast_head":"<!-- This site is optimized with the Yoast SEO plugin v26.9 - https:\/\/yoast.com\/product\/yoast-seo-wordpress\/ -->\n<title>Restaurant mit Aussicht | Hotel Riva del Garda \u2013 Albergo Deva<\/title>\n<meta name=\"description\" content=\"Authentische italienische K\u00fcche und reichhaltiges Fr\u00fchst\u00fcck in einem Hotel in Riva del Garda mit Restaurant und Panoramablick auf den See.\" \/>\n<meta name=\"robots\" content=\"index, follow, max-snippet:-1, max-image-preview:large, max-video-preview:-1\" \/>\n<link rel=\"canonical\" href=\"https:\/\/www.hoteldeva.it\/de\/restaurant\/\" \/>\n<meta property=\"og:locale\" content=\"de_DE\" \/>\n<meta property=\"og:type\" content=\"article\" \/>\n<meta property=\"og:title\" content=\"Restaurant mit Aussicht | Hotel Riva del Garda \u2013 Albergo Deva\" \/>\n<meta property=\"og:description\" content=\"Authentische italienische K\u00fcche und reichhaltiges Fr\u00fchst\u00fcck in einem Hotel in Riva del Garda mit Restaurant und Panoramablick auf den See.\" \/>\n<meta property=\"og:url\" content=\"https:\/\/www.hoteldeva.it\/de\/restaurant\/\" \/>\n<meta property=\"og:site_name\" content=\"Hotel Deva\" \/>\n<meta property=\"article:modified_time\" content=\"2026-02-12T15:02:57+00:00\" \/>\n<meta property=\"og:image\" content=\"https:\/\/www.hoteldeva.it\/wp-content\/uploads\/2026\/02\/17466.jpg\" \/>\n\t<meta property=\"og:image:width\" content=\"2000\" \/>\n\t<meta property=\"og:image:height\" content=\"1333\" \/>\n\t<meta property=\"og:image:type\" content=\"image\/jpeg\" \/>\n<meta name=\"twitter:card\" content=\"summary_large_image\" \/>\n<meta name=\"twitter:label1\" content=\"Gesch\u00e4tzte Lesezeit\" \/>\n\t<meta name=\"twitter:data1\" content=\"2\u00a0Minuten\" \/>\n<script type=\"application\/ld+json\" class=\"yoast-schema-graph\">{\"@context\":\"https:\/\/schema.org\",\"@graph\":[{\"@type\":\"WebPage\",\"@id\":\"https:\/\/www.hoteldeva.it\/de\/restaurant\/\",\"url\":\"https:\/\/www.hoteldeva.it\/de\/restaurant\/\",\"name\":\"Restaurant mit Aussicht | Hotel Riva del Garda \u2013 Albergo Deva\",\"isPartOf\":{\"@id\":\"https:\/\/www.hoteldeva.it\/#website\"},\"primaryImageOfPage\":{\"@id\":\"https:\/\/www.hoteldeva.it\/de\/restaurant\/#primaryimage\"},\"image\":{\"@id\":\"https:\/\/www.hoteldeva.it\/de\/restaurant\/#primaryimage\"},\"thumbnailUrl\":\"https:\/\/www.hoteldeva.it\/wp-content\/uploads\/2026\/02\/17466.jpg\",\"datePublished\":\"2026-02-02T15:16:40+00:00\",\"dateModified\":\"2026-02-12T15:02:57+00:00\",\"description\":\"Authentische italienische K\u00fcche und reichhaltiges Fr\u00fchst\u00fcck in einem Hotel in Riva del Garda mit Restaurant und Panoramablick auf den See.\",\"breadcrumb\":{\"@id\":\"https:\/\/www.hoteldeva.it\/de\/restaurant\/#breadcrumb\"},\"inLanguage\":\"de\",\"potentialAction\":[{\"@type\":\"ReadAction\",\"target\":[\"https:\/\/www.hoteldeva.it\/de\/restaurant\/\"]}]},{\"@type\":\"ImageObject\",\"inLanguage\":\"de\",\"@id\":\"https:\/\/www.hoteldeva.it\/de\/restaurant\/#primaryimage\",\"url\":\"https:\/\/www.hoteldeva.it\/wp-content\/uploads\/2026\/02\/17466.jpg\",\"contentUrl\":\"https:\/\/www.hoteldeva.it\/wp-content\/uploads\/2026\/02\/17466.jpg\",\"width\":2000,\"height\":1333,\"caption\":\"Hotel Deva | Hotel 3 stelle Riva del Garda\"},{\"@type\":\"BreadcrumbList\",\"@id\":\"https:\/\/www.hoteldeva.it\/de\/restaurant\/#breadcrumb\",\"itemListElement\":[{\"@type\":\"ListItem\",\"position\":1,\"name\":\"Home\",\"item\":\"https:\/\/www.hoteldeva.it\/de\/\"},{\"@type\":\"ListItem\",\"position\":2,\"name\":\"Restaurant\"}]},{\"@type\":\"WebSite\",\"@id\":\"https:\/\/www.hoteldeva.it\/#website\",\"url\":\"https:\/\/www.hoteldeva.it\/\",\"name\":\"Hotel Deva Riva del Garda\",\"description\":\"Hotel Deva Riva del Garda\",\"publisher\":{\"@id\":\"https:\/\/www.hoteldeva.it\/#organization\"},\"alternateName\":\"Hotel Deva Riva del Garda\",\"potentialAction\":[{\"@type\":\"SearchAction\",\"target\":{\"@type\":\"EntryPoint\",\"urlTemplate\":\"https:\/\/www.hoteldeva.it\/?s={search_term_string}\"},\"query-input\":{\"@type\":\"PropertyValueSpecification\",\"valueRequired\":true,\"valueName\":\"search_term_string\"}}],\"inLanguage\":\"de\"},{\"@type\":\"Organization\",\"@id\":\"https:\/\/www.hoteldeva.it\/#organization\",\"name\":\"Hotel Deva Riva del Garda\",\"alternateName\":\"Hotel Deva Riva del Garda\",\"url\":\"https:\/\/www.hoteldeva.it\/\",\"logo\":{\"@type\":\"ImageObject\",\"inLanguage\":\"de\",\"@id\":\"https:\/\/www.hoteldeva.it\/#\/schema\/logo\/image\/\",\"url\":\"https:\/\/www.hoteldeva.it\/wp-content\/uploads\/2026\/02\/logoheader.svg\",\"contentUrl\":\"https:\/\/www.hoteldeva.it\/wp-content\/uploads\/2026\/02\/logoheader.svg\",\"width\":\"1024\",\"height\":\"1024\",\"caption\":\"Hotel Deva Riva del Garda\"},\"image\":{\"@id\":\"https:\/\/www.hoteldeva.it\/#\/schema\/logo\/image\/\"}}]}<\/script>\n<!-- \/ Yoast SEO plugin. -->","yoast_head_json":{"title":"Restaurant mit Aussicht | Hotel Riva del Garda \u2013 Albergo Deva","description":"Authentische italienische K\u00fcche und reichhaltiges Fr\u00fchst\u00fcck in einem Hotel in Riva del Garda mit Restaurant und Panoramablick auf den See.","robots":{"index":"index","follow":"follow","max-snippet":"max-snippet:-1","max-image-preview":"max-image-preview:large","max-video-preview":"max-video-preview:-1"},"canonical":"https:\/\/www.hoteldeva.it\/de\/restaurant\/","og_locale":"de_DE","og_type":"article","og_title":"Restaurant mit Aussicht | Hotel Riva del Garda \u2013 Albergo Deva","og_description":"Authentische italienische K\u00fcche und reichhaltiges Fr\u00fchst\u00fcck in einem Hotel in Riva del Garda mit Restaurant und Panoramablick auf den See.","og_url":"https:\/\/www.hoteldeva.it\/de\/restaurant\/","og_site_name":"Hotel Deva","article_modified_time":"2026-02-12T15:02:57+00:00","og_image":[{"width":2000,"height":1333,"url":"https:\/\/www.hoteldeva.it\/wp-content\/uploads\/2026\/02\/17466.jpg","type":"image\/jpeg"}],"twitter_card":"summary_large_image","twitter_misc":{"Gesch\u00e4tzte Lesezeit":"2\u00a0Minuten"},"schema":{"@context":"https:\/\/schema.org","@graph":[{"@type":"WebPage","@id":"https:\/\/www.hoteldeva.it\/de\/restaurant\/","url":"https:\/\/www.hoteldeva.it\/de\/restaurant\/","name":"Restaurant mit Aussicht | Hotel Riva del Garda \u2013 Albergo Deva","isPartOf":{"@id":"https:\/\/www.hoteldeva.it\/#website"},"primaryImageOfPage":{"@id":"https:\/\/www.hoteldeva.it\/de\/restaurant\/#primaryimage"},"image":{"@id":"https:\/\/www.hoteldeva.it\/de\/restaurant\/#primaryimage"},"thumbnailUrl":"https:\/\/www.hoteldeva.it\/wp-content\/uploads\/2026\/02\/17466.jpg","datePublished":"2026-02-02T15:16:40+00:00","dateModified":"2026-02-12T15:02:57+00:00","description":"Authentische italienische K\u00fcche und reichhaltiges Fr\u00fchst\u00fcck in einem Hotel in Riva del Garda mit Restaurant und Panoramablick auf den See.","breadcrumb":{"@id":"https:\/\/www.hoteldeva.it\/de\/restaurant\/#breadcrumb"},"inLanguage":"de","potentialAction":[{"@type":"ReadAction","target":["https:\/\/www.hoteldeva.it\/de\/restaurant\/"]}]},{"@type":"ImageObject","inLanguage":"de","@id":"https:\/\/www.hoteldeva.it\/de\/restaurant\/#primaryimage","url":"https:\/\/www.hoteldeva.it\/wp-content\/uploads\/2026\/02\/17466.jpg","contentUrl":"https:\/\/www.hoteldeva.it\/wp-content\/uploads\/2026\/02\/17466.jpg","width":2000,"height":1333,"caption":"Hotel Deva | Hotel 3 stelle Riva del Garda"},{"@type":"BreadcrumbList","@id":"https:\/\/www.hoteldeva.it\/de\/restaurant\/#breadcrumb","itemListElement":[{"@type":"ListItem","position":1,"name":"Home","item":"https:\/\/www.hoteldeva.it\/de\/"},{"@type":"ListItem","position":2,"name":"Restaurant"}]},{"@type":"WebSite","@id":"https:\/\/www.hoteldeva.it\/#website","url":"https:\/\/www.hoteldeva.it\/","name":"Hotel Deva Riva del Garda","description":"Hotel Deva Riva del Garda","publisher":{"@id":"https:\/\/www.hoteldeva.it\/#organization"},"alternateName":"Hotel Deva Riva del Garda","potentialAction":[{"@type":"SearchAction","target":{"@type":"EntryPoint","urlTemplate":"https:\/\/www.hoteldeva.it\/?s={search_term_string}"},"query-input":{"@type":"PropertyValueSpecification","valueRequired":true,"valueName":"search_term_string"}}],"inLanguage":"de"},{"@type":"Organization","@id":"https:\/\/www.hoteldeva.it\/#organization","name":"Hotel Deva Riva del Garda","alternateName":"Hotel Deva Riva del Garda","url":"https:\/\/www.hoteldeva.it\/","logo":{"@type":"ImageObject","inLanguage":"de","@id":"https:\/\/www.hoteldeva.it\/#\/schema\/logo\/image\/","url":"https:\/\/www.hoteldeva.it\/wp-content\/uploads\/2026\/02\/logoheader.svg","contentUrl":"https:\/\/www.hoteldeva.it\/wp-content\/uploads\/2026\/02\/logoheader.svg","width":"1024","height":"1024","caption":"Hotel Deva Riva del Garda"},"image":{"@id":"https:\/\/www.hoteldeva.it\/#\/schema\/logo\/image\/"}}]}},"_links":{"self":[{"href":"https:\/\/www.hoteldeva.it\/de\/wp-json\/wp\/v2\/pages\/593","targetHints":{"allow":["GET"]}}],"collection":[{"href":"https:\/\/www.hoteldeva.it\/de\/wp-json\/wp\/v2\/pages"}],"about":[{"href":"https:\/\/www.hoteldeva.it\/de\/wp-json\/wp\/v2\/types\/page"}],"author":[{"embeddable":true,"href":"https:\/\/www.hoteldeva.it\/de\/wp-json\/wp\/v2\/users\/1"}],"replies":[{"embeddable":true,"href":"https:\/\/www.hoteldeva.it\/de\/wp-json\/wp\/v2\/comments?post=593"}],"version-history":[{"count":3,"href":"https:\/\/www.hoteldeva.it\/de\/wp-json\/wp\/v2\/pages\/593\/revisions"}],"predecessor-version":[{"id":596,"href":"https:\/\/www.hoteldeva.it\/de\/wp-json\/wp\/v2\/pages\/593\/revisions\/596"}],"wp:featuredmedia":[{"embeddable":true,"href":"https:\/\/www.hoteldeva.it\/de\/wp-json\/wp\/v2\/media\/538"}],"wp:attachment":[{"href":"https:\/\/www.hoteldeva.it\/de\/wp-json\/wp\/v2\/media?parent=593"}],"curies":[{"name":"wp","href":"https:\/\/api.w.org\/{rel}","templated":true}]}}